{"id":230,"date":"2021-08-20T19:44:16","date_gmt":"2021-08-20T19:44:16","guid":{"rendered":"http:\/\/www.palenicehalik.cz\/?page_id=230"},"modified":"2024-12-09T19:13:31","modified_gmt":"2024-12-09T19:13:31","slug":"o-pestitelske-palenici","status":"publish","type":"page","link":"https:\/\/www.palenicehalik.cz\/","title":{"rendered":"O p\u011bstitelsk\u00e9 p\u00e1lenici"},"content":{"rendered":"<p class=\"wnd-align-justify\" style=\"text-align: justify;\"><span style=\"font-family: Helvetica;\"><span class=\"wnd-font-size-120\">P\u00e1len\u00ed ovocn\u00fdch kvas\u016f je tradi\u010dn\u00ed metodou zpracov\u00e1n\u00ed ovoce. V p\u0159\u00edpad\u011b p\u011bstitelsk\u00e9ho p\u00e1len\u00ed se jedn\u00e1 o v\u00fdjimku ze z\u00e1kon\u016f o lihu a o spot\u0159ebn\u00ed dani a je oproti standardn\u00ed v\u00fdrob\u011b destil\u00e1t\u016f zat\u00ed\u017eeno ni\u017e\u0161\u00ed spot\u0159ebn\u00ed dan\u00ed, kter\u00e1 je na n\u011bj uvalov\u00e1na. Aby se jednalo o p\u011bstitelsk\u00e9 p\u00e1len\u00ed, mus\u00ed toto p\u00e1len\u00ed spl\u0148ovat n\u011bkolik podm\u00ednek. Prvn\u00ed podm\u00ednkou je, \u017ee zpracov\u00e1van\u00e9 ovoce je z p\u011bstitelsk\u00e9 \u010dinnosti p\u011bstitele a nebylo z\u00edsk\u00e1no n\u00e1kupem apod. Dal\u0161\u00ed podm\u00ednkou je omezen\u00ed v\u00fdroby alkoholu na rodinu p\u011bstitele a jedno obdob\u00ed (odpov\u00edd\u00e1 jednomu roku, od 1. 7. roku do 30. 6. roku n\u00e1sleduj\u00edc\u00edho). P\u0159edposledn\u00ed podm\u00ednkou je limit v\u00fdroby. Tento limit je 30 l absolutn\u00edho alkoholu, co\u017e odpov\u00edd\u00e1 60 litr\u016fm 50% alkoholu. Tento limit b\u00fdv\u00e1 pokl\u00e1d\u00e1n za p\u0159\u00edli\u0161 n\u00edzk\u00fd a to zejm\u00e9na na Morav\u011b. Posledn\u00ed podm\u00ednkou je z\u00e1kaz prodeje takto z\u00edskan\u00e9ho destil\u00e1tu. Ovoce pro p\u011bstitelsk\u00e9 p\u00e1len\u00ed nesm\u00ed b\u00fdt nijak p\u0159islazov\u00e1no.<\/span> <span class=\"wnd-font-size-120\">Tato p\u00e1lenice nab\u00edz\u00ed p\u011bstitel\u016fm s men\u0161\u00edm mno\u017estv\u00edm ovoce <a href=\"http:\/\/www.palenicehalik.cz\/index.php\/spolecne-paleni\/\"><b>spole\u010dn\u00e9 p\u00e1len\u00ed.<\/b><\/a><\/span><\/span><\/p>\n<p><a href=\"https:\/\/ct24.ceskatelevize.cz\/archiv\/1226728-za-slivovici-ktera-dokaze-zahrat-i-kdyz-se-nepije-ziskal-ekologickeho-oscara\" target=\"_blank\" rel=\"noopener\"><img loading=\"lazy\" decoding=\"async\" class=\"alignleft wp-image-47\" src=\"http:\/\/www.palenicehalik.cz\/wp-content\/uploads\/2017\/07\/eeg-logo_2a_color-300x207.jpg\" alt=\"\" width=\"143\" height=\"99\" srcset=\"https:\/\/www.palenicehalik.cz\/wp-content\/uploads\/2017\/07\/eeg-logo_2a_color-300x207.jpg 300w, https:\/\/www.palenicehalik.cz\/wp-content\/uploads\/2017\/07\/eeg-logo_2a_color-768x529.jpg 768w, https:\/\/www.palenicehalik.cz\/wp-content\/uploads\/2017\/07\/eeg-logo_2a_color-1024x705.jpg 1024w\" sizes=\"(max-width: 143px) 85vw, 143px\" \/><\/a><\/p>\n<p><span style=\"font-family: Helvetica;\">P\u00e1lenice je dr\u017eitelem presti\u017en\u00edho ekologick\u00e9ho ocen\u011bn\u00ed E.on energy globe award \u010cR 2010.<\/span><\/p>\n<p style=\"text-align: left;\">\u00a0<\/p>\n<p>\u00a0<\/p>\n\n\n<figure class=\"wp-block-gallery has-nested-images columns-2 is-cropped wp-block-gallery-1 is-layout-flex wp-block-gallery-is-layout-flex\">\n<figure class=\"wp-block-image size-large\"><img loading=\"lazy\" decoding=\"async\" width=\"2560\" height=\"1920\" data-id=\"429\" src=\"https:\/\/www.palenicehalik.cz\/wp-content\/uploads\/2022\/08\/2-scaled.jpg\" alt=\"\" class=\"wp-image-429\" srcset=\"https:\/\/www.palenicehalik.cz\/wp-content\/uploads\/2022\/08\/2-scaled.jpg 2560w, https:\/\/www.palenicehalik.cz\/wp-content\/uploads\/2022\/08\/2-300x225.jpg 300w, https:\/\/www.palenicehalik.cz\/wp-content\/uploads\/2022\/08\/2-1024x768.jpg 1024w, https:\/\/www.palenicehalik.cz\/wp-content\/uploads\/2022\/08\/2-768x576.jpg 768w, https:\/\/www.palenicehalik.cz\/wp-content\/uploads\/2022\/08\/2-1536x1152.jpg 1536w, https:\/\/www.palenicehalik.cz\/wp-content\/uploads\/2022\/08\/2-2048x1536.jpg 2048w, https:\/\/www.palenicehalik.cz\/wp-content\/uploads\/2022\/08\/2-1200x900.jpg 1200w\" sizes=\"(max-width: 709px) 85vw, (max-width: 909px) 67vw, (max-width: 1362px) 62vw, 840px\" \/><\/figure>\n\n\n\n<figure class=\"wp-block-image size-large\"><img loading=\"lazy\" decoding=\"async\" width=\"2560\" height=\"1920\" data-id=\"431\" src=\"https:\/\/www.palenicehalik.cz\/wp-content\/uploads\/2022\/08\/4-scaled.jpg\" alt=\"\" class=\"wp-image-431\" srcset=\"https:\/\/www.palenicehalik.cz\/wp-content\/uploads\/2022\/08\/4-scaled.jpg 2560w, https:\/\/www.palenicehalik.cz\/wp-content\/uploads\/2022\/08\/4-300x225.jpg 300w, https:\/\/www.palenicehalik.cz\/wp-content\/uploads\/2022\/08\/4-1024x768.jpg 1024w, https:\/\/www.palenicehalik.cz\/wp-content\/uploads\/2022\/08\/4-768x576.jpg 768w, https:\/\/www.palenicehalik.cz\/wp-content\/uploads\/2022\/08\/4-1536x1152.jpg 1536w, https:\/\/www.palenicehalik.cz\/wp-content\/uploads\/2022\/08\/4-2048x1536.jpg 2048w, https:\/\/www.palenicehalik.cz\/wp-content\/uploads\/2022\/08\/4-1200x900.jpg 1200w\" sizes=\"(max-width: 709px) 85vw, (max-width: 909px) 67vw, (max-width: 1362px) 62vw, 840px\" \/><\/figure>\n\n\n\n<figure class=\"wp-block-image size-large\"><img loading=\"lazy\" decoding=\"async\" width=\"2560\" height=\"1921\" data-id=\"449\" src=\"https:\/\/www.palenicehalik.cz\/wp-content\/uploads\/2022\/08\/IMG_0590-e1571078816393-edited-scaled.jpg\" alt=\"\" class=\"wp-image-449\" srcset=\"https:\/\/www.palenicehalik.cz\/wp-content\/uploads\/2022\/08\/IMG_0590-e1571078816393-edited-scaled.jpg 2560w, https:\/\/www.palenicehalik.cz\/wp-content\/uploads\/2022\/08\/IMG_0590-e1571078816393-edited-300x225.jpg 300w, https:\/\/www.palenicehalik.cz\/wp-content\/uploads\/2022\/08\/IMG_0590-e1571078816393-edited-1024x768.jpg 1024w, https:\/\/www.palenicehalik.cz\/wp-content\/uploads\/2022\/08\/IMG_0590-e1571078816393-edited-768x576.jpg 768w, https:\/\/www.palenicehalik.cz\/wp-content\/uploads\/2022\/08\/IMG_0590-e1571078816393-edited-1536x1153.jpg 1536w, https:\/\/www.palenicehalik.cz\/wp-content\/uploads\/2022\/08\/IMG_0590-e1571078816393-edited-2048x1537.jpg 2048w, https:\/\/www.palenicehalik.cz\/wp-content\/uploads\/2022\/08\/IMG_0590-e1571078816393-edited-1200x900.jpg 1200w\" sizes=\"(max-width: 709px) 85vw, (max-width: 909px) 67vw, (max-width: 1362px) 62vw, 840px\" \/><\/figure>\n\n\n\n<figure class=\"wp-block-image size-large\"><img loading=\"lazy\" decoding=\"async\" width=\"2560\" height=\"1920\" data-id=\"430\" src=\"https:\/\/www.palenicehalik.cz\/wp-content\/uploads\/2022\/08\/3-scaled.jpg\" alt=\"\" class=\"wp-image-430\" srcset=\"https:\/\/www.palenicehalik.cz\/wp-content\/uploads\/2022\/08\/3-scaled.jpg 2560w, https:\/\/www.palenicehalik.cz\/wp-content\/uploads\/2022\/08\/3-300x225.jpg 300w, https:\/\/www.palenicehalik.cz\/wp-content\/uploads\/2022\/08\/3-1024x768.jpg 1024w, https:\/\/www.palenicehalik.cz\/wp-content\/uploads\/2022\/08\/3-768x576.jpg 768w, https:\/\/www.palenicehalik.cz\/wp-content\/uploads\/2022\/08\/3-1536x1152.jpg 1536w, https:\/\/www.palenicehalik.cz\/wp-content\/uploads\/2022\/08\/3-2048x1536.jpg 2048w, https:\/\/www.palenicehalik.cz\/wp-content\/uploads\/2022\/08\/3-1200x900.jpg 1200w\" sizes=\"(max-width: 709px) 85vw, (max-width: 909px) 67vw, (max-width: 1362px) 62vw, 840px\" \/><\/figure>\n<\/figure>\n\n\n\n<p><\/p>\n","protected":false},"excerpt":{"rendered":"<p>P\u00e1len\u00ed ovocn\u00fdch kvas\u016f je tradi\u010dn\u00ed metodou zpracov\u00e1n\u00ed ovoce. V p\u0159\u00edpad\u011b p\u011bstitelsk\u00e9ho p\u00e1len\u00ed se jedn\u00e1 o v\u00fdjimku ze z\u00e1kon\u016f o lihu a o spot\u0159ebn\u00ed dani a je oproti standardn\u00ed v\u00fdrob\u011b destil\u00e1t\u016f zat\u00ed\u017eeno ni\u017e\u0161\u00ed spot\u0159ebn\u00ed dan\u00ed, kter\u00e1 je na n\u011bj uvalov\u00e1na. Aby se jednalo o p\u011bstitelsk\u00e9 p\u00e1len\u00ed, mus\u00ed toto p\u00e1len\u00ed spl\u0148ovat n\u011bkolik podm\u00ednek. Prvn\u00ed podm\u00ednkou je, \u017ee &hellip; <a href=\"https:\/\/www.palenicehalik.cz\/\" class=\"more-link\">Pokra\u010dovat ve \u010dten\u00ed<span class=\"screen-reader-text\"> &#8220;O p\u011bstitelsk\u00e9 p\u00e1lenici&#8221;<\/span><\/a><\/p>\n","protected":false},"author":1,"featured_media":0,"parent":0,"menu_order":0,"comment_status":"closed","ping_status":"closed","template":"","meta":{"footnotes":""},"class_list":["post-230","page","type-page","status-publish","hentry"],"_links":{"self":[{"href":"https:\/\/www.palenicehalik.cz\/index.php\/wp-json\/wp\/v2\/pages\/230"}],"collection":[{"href":"https:\/\/www.palenicehalik.cz\/index.php\/wp-json\/wp\/v2\/pages"}],"about":[{"href":"https:\/\/www.palenicehalik.cz\/index.php\/wp-json\/wp\/v2\/types\/page"}],"author":[{"embeddable":true,"href":"https:\/\/www.palenicehalik.cz\/index.php\/wp-json\/wp\/v2\/users\/1"}],"replies":[{"embeddable":true,"href":"https:\/\/www.palenicehalik.cz\/index.php\/wp-json\/wp\/v2\/comments?post=230"}],"version-history":[{"count":98,"href":"https:\/\/www.palenicehalik.cz\/index.php\/wp-json\/wp\/v2\/pages\/230\/revisions"}],"predecessor-version":[{"id":481,"href":"https:\/\/www.palenicehalik.cz\/index.php\/wp-json\/wp\/v2\/pages\/230\/revisions\/481"}],"wp:attachment":[{"href":"https:\/\/www.palenicehalik.cz\/index.php\/wp-json\/wp\/v2\/media?parent=230"}],"curies":[{"name":"wp","href":"https:\/\/api.w.org\/{rel}","templated":true}]}}