{"id":83,"date":"2017-07-30T20:42:36","date_gmt":"2017-07-30T18:42:36","guid":{"rendered":"https:\/\/palenicehalik.wordpress.com\/?page_id=83"},"modified":"2017-08-25T09:01:43","modified_gmt":"2017-08-25T09:01:43","slug":"provozni-rad","status":"publish","type":"page","link":"https:\/\/www.palenicehalik.cz\/index.php\/provozni-rad\/","title":{"rendered":"Provozn\u00ed \u0159\u00e1d"},"content":{"rendered":"<p class=\"wnd-align-justify\" style=\"text-align: justify;\"><span class=\"wnd-font-size-120\" style=\"font-family: Helvetica;\">1. Ka\u017ed\u00fd p\u011bstitel, po\u017eaduj\u00edc\u00ed vyp\u00e1len\u00ed kvasu nebo zpracov\u00e1n\u00ed ovoce na p\u011bstitelskou p\u00e1lenku je povinen vyplnit &#8220;OBJEDN\u00c1VKU &#8211; PROHL\u00c1\u0160EN\u00cd ke zpracov\u00e1n\u00ed ovoce na p\u011bstitelskou p\u00e1lenku.&#8221;<\/span><\/p>\n<p class=\"wnd-align-justify\" style=\"text-align: justify;\"><span class=\"wnd-font-size-120\" style=\"font-family: Helvetica;\">2. Provozovatel p\u00e1lenice je povinen ov\u011b\u0159it \u00fadaje \u017eadatele v PROHL\u00c1\u0160EN\u00cd podle ob\u010dansk\u00e9ho pr\u016fkazu.<\/span><\/p>\n<p class=\"wnd-align-justify\" style=\"text-align: justify;\"><span class=\"wnd-font-size-120\" style=\"font-family: Helvetica;\">3. V\u00fdrobn\u00ed obdob\u00ed trv\u00e1 od 1. 7. b\u011b\u017en\u00e9ho roku do 3. 6. roku bezprost\u0159edn\u011b n\u00e1sleduj\u00edc\u00edho po tomto b\u011b\u017en\u00e9m roce.<\/span><\/p>\n<p class=\"wnd-align-justify\" style=\"text-align: justify;\"><span class=\"wnd-font-size-120\" style=\"font-family: Helvetica;\">4. P\u011bstitel a osoby \u017eij\u00edc\u00ed ve spole\u010dn\u00e9 dom\u00e1cnosti mohou ve v\u00fd\u0161e uveden\u00e9m v\u00fdrobn\u00edm obdob\u00ed vyp\u00e1lit nejv\u00fd\u0161e 30 litr\u016f absolutn\u00edho lihu.<\/span><\/p>\n<p class=\"wnd-align-justify\" style=\"text-align: justify;\"><span class=\"wnd-font-size-120\" style=\"font-family: Helvetica;\">5. Pokud je z provozn\u00edch d\u016fvod\u016f nutn\u00e9 sdru\u017eit kvasy jednotliv\u00fdch p\u011bstitel\u016f do jedn\u00e9 v\u00e1rky, mus\u00ed se doty\u010dn\u00ed p\u011bstitel\u00e9 dohodnout ohledn\u011b v\u00e1hy kvasu i mno\u017estv\u00ed p\u00e1lenky. Nen\u00ed mo\u017en\u00e9 slu\u010dovat kvasy z r\u016fzn\u00e9ho ovoce.<\/span><\/p>\n<p class=\"wnd-align-justify\" style=\"text-align: justify;\"><span class=\"wnd-font-size-120\" style=\"font-family: Helvetica;\">6. Ke zpracov\u00e1n\u00ed se nep\u0159ij\u00edmaj\u00ed kvasy v plechov\u00fdch n\u00e1dob\u00e1ch, kter\u00e9 chu\u0165ov\u011b nebo v\u016fn\u00ed vykazuj\u00ed zn\u00e1mky ciz\u00edch p\u0159\u00edm\u011bs\u00ed, je\u017e mohou ovlivnit jakost p\u00e1lenky. N\u00e1doby od kvasu je p\u011bstitel povinen odv\u00e9zt ihned po vyp\u00e1len\u00ed kvasu. P\u00e1lenice neru\u010d\u00ed za ztr\u00e1tu nebo v\u00fdm\u011bnu n\u00e1dob, v kter\u00fdch byl do p\u00e1lenice kvas dopraven.<\/span><\/p>\n<p class=\"wnd-align-justify\" style=\"text-align: justify;\"><span class=\"wnd-font-size-120\" style=\"font-family: Helvetica;\">7. Provozovatel p\u00e1lenice m\u016f\u017ee odm\u00edtnout vyp\u00e1lit kvasy, kter\u00e9 vzhledem nebo v\u016fn\u00ed vykazuj\u00ed chybn\u00fd technologick\u00fd postup p\u0159\u00ed kva\u0161en\u00ed a jejich\u017e vyp\u00e1len\u00edm by mohla b\u00fdt ohro\u017eena kvalita p\u00e1lenek z n\u00e1sledn\u011b zpracovan\u00fdch kvas\u016f.<\/span><\/p>\n<p class=\"wnd-align-justify\" style=\"text-align: justify;\"><span class=\"wnd-font-size-120\" style=\"font-family: Helvetica;\">8. Ovocnou p\u00e1lenku je p\u011bstitel povinen ihned odebrat proti hotov\u00e9mu zaplacen\u00ed dan\u011b a poplatku za p\u00e1len\u00ed. V\u00fd\u0161e dan\u011b a poplatku za p\u00e1len\u00ed jsou vyv\u011b\u0161eny v p\u00e1lenici.<\/span><\/p>\n<p class=\"wnd-align-justify\" style=\"text-align: justify;\"><span class=\"wnd-font-size-120\" style=\"font-family: Helvetica;\">9. V p\u0159\u00edpad\u011b, \u017ee p\u011bstitel nezaplat\u00ed da\u0148 a poplatek, bude p\u00e1lenka p\u0159evedena do v\u00e1zan\u00e9 z\u00e1soby a p\u011bstiteli vyplacena, po sr\u00e1\u017ece poplatk\u016f za p\u00e1len\u00ed, za kvas n\u00e1hrada ve v\u00fd\u0161i platn\u00e9 ceny p\u0159\u00edslu\u0161n\u00e9ho druhu ovoce nestandardn\u00ed jakosti. Stejn\u011b se postupuje u p\u00e1lenky, kterou si p\u011bstitel neodebral, a\u010dkoli zaplatil da\u0148 a poplatek za p\u00e1len\u00ed. Skute\u010dn\u011b zaplacen\u00e1 \u010d\u00e1stka se sn\u00ed\u017e\u00ed o uveden\u00e9 n\u00e1klady.<\/span><\/p>\n<p class=\"wnd-align-justify\" style=\"text-align: justify;\"><span class=\"wnd-font-size-120\" style=\"font-family: Helvetica;\">10. P\u011bstitel\u00e9, kte\u0159\u00ed jsou p\u0159\u00edtomni p\u00e1len\u00ed, se mohou zdr\u017eovat jen na vyhrazen\u00e9m m\u00edst\u011b, nesm\u011bj\u00ed se p\u0159ibli\u017eovat ke strojn\u00edmu za\u0159\u00edzen\u00ed, zasahovat do technologick\u00e9ho postupu, proch\u00e1zet se po provozn\u00edch m\u00edstnostech nebo provoz jak\u00fdmkoliv zp\u016fsobem ru\u0161it. Bez vyzv\u00e1n\u00ed se nesm\u011bj\u00ed \u00fa\u010dastnit \u017e\u00e1dn\u00fdch pomocn\u00fdch prac\u00ed. Provozovatel p\u00e1lenice neru\u010d\u00ed za jejich bezpe\u010dnost. V provozn\u00edch m\u00edstnostech je pit\u00ed alkoholick\u00fdch n\u00e1poj\u016f zak\u00e1z\u00e1no.<\/span><\/p>\n<p class=\"wnd-align-justify\" style=\"text-align: justify;\"><span class=\"wnd-font-size-120\" style=\"font-family: Helvetica;\">11. Ochutn\u00e1v\u00e1n\u00ed p\u00e1lenky je p\u0159\u00edstupn\u00e9 v nejmen\u0161\u00ed m\u00ed\u0159e, nutn\u00e9 pro smyslov\u00e9 hodnocen\u00ed. P\u0159ed zji\u0161t\u011bn\u00edm vyroben\u00e9ho mno\u017estv\u00ed alkoholu je ochutn\u00e1v\u00e1n\u00ed nep\u0159\u00edpustn\u00e9.<\/span><\/p>\n<p class=\"wnd-align-justify\" style=\"text-align: justify;\"><span class=\"wnd-font-size-120\" style=\"font-family: Helvetica;\">12. Dle \u00a7 4, odst. 8 z\u00e1kona \u010d. 61\/1997 Sb., nesm\u00ed p\u011bstitel ani osoby tvo\u0159\u00edc\u00ed s n\u00edm spole\u010dnou dom\u00e1cnost p\u011bstitelskou p\u00e1lenku prod\u00e1vat. P\u00e1lenka slou\u017e\u00ed pouze k osobn\u00ed spot\u0159eb\u011b v\u00fd\u0161e uveden\u00fdch osob.<\/span><\/p>\n<p class=\"wnd-align-justify\" style=\"text-align: justify;\"><span class=\"wnd-font-size-120\" style=\"font-family: Helvetica;\">13. P\u011bstitel\u00e9 jsou povinni si dodat na vyrobenou p\u00e1lenku n\u00e1doby.<\/span><\/p>\n<p class=\"wnd-align-justify\" style=\"text-align: justify;\"><span class=\"wnd-font-size-120\" style=\"font-family: Helvetica;\">14. Jakost, obsahu alkoholu, odpo\u010det na kontroln\u00edm lihov\u00e9m m\u011b\u0159idle a odm\u011b\u0159ov\u00e1n\u00ed mno\u017estv\u00ed destil\u00e1tu do n\u00e1dob dodan\u00fdch p\u011bstitelem je p\u011bstitel opr\u00e1vn\u011bn si kontrolovat a p\u0159\u00edpadn\u00e9 z\u00e1vady ihned hl\u00e1sit. Reklamace se vy\u0159izuje na m\u00edst\u011b. Po odb\u011bru destil\u00e1tu se nebere na reklamaci z\u0159etel.<\/span><\/p>\n<p class=\"wnd-align-justify\" style=\"text-align: justify;\"><span class=\"wnd-font-size-120\" style=\"font-family: Helvetica;\">15. P\u0159i placen\u00ed je p\u011bstitel povinen p\u0159epo\u010d\u00edtat si vr\u00e1cen\u00e9 pen\u00edze. Na pozd\u011bj\u0161\u00ed reklamace nebude br\u00e1n z\u0159etel.<\/span><\/p>\n<p class=\"wnd-align-justify\" style=\"text-align: justify;\"><span class=\"wnd-font-size-120\" style=\"font-family: Helvetica;\">16. Vzorky p\u00e1lenky, odebran\u00e9 z lihov\u00fdch m\u011b\u0159idel, jsou majetkem p\u011bstitelsk\u00e9 p\u00e1lenice.<\/span><\/p>\n<p class=\"wnd-align-justify\" style=\"text-align: justify;\"><span class=\"wnd-font-size-120\" style=\"font-family: Helvetica;\">17. Provozovatel p\u011bstitelsk\u00e9 p\u00e1lenice je povinen vydat p\u011bstiteli o proveden\u00e9m p\u00e1len\u00ed, zaplacen\u00ed dan\u011b a poplatk\u016f pokladn\u00ed doklad opat\u0159en\u00fd b\u011b\u017en\u00fdm po\u0159adov\u00fdm \u010d\u00edslem, raz\u00edtkem a podpisem. P\u011bstitel je povinen podepsat potvrzen\u00ed v origin\u00e1le i kopii, kter\u00e1 z\u016fstane v p\u00e1lenici. Podepisuje se i z\u00e1znam o v\u00fdrob\u011b p\u011bstitelsk\u00fdch destil\u00e1t\u016f.<\/span><\/p>\n","protected":false},"excerpt":{"rendered":"<p>1. Ka\u017ed\u00fd p\u011bstitel, po\u017eaduj\u00edc\u00ed vyp\u00e1len\u00ed kvasu nebo zpracov\u00e1n\u00ed ovoce na p\u011bstitelskou p\u00e1lenku je povinen vyplnit &#8220;OBJEDN\u00c1VKU &#8211; PROHL\u00c1\u0160EN\u00cd ke zpracov\u00e1n\u00ed ovoce na p\u011bstitelskou p\u00e1lenku.&#8221; 2. Provozovatel p\u00e1lenice je povinen ov\u011b\u0159it \u00fadaje \u017eadatele v PROHL\u00c1\u0160EN\u00cd podle ob\u010dansk\u00e9ho pr\u016fkazu. 3. V\u00fdrobn\u00ed obdob\u00ed trv\u00e1 od 1. 7. b\u011b\u017en\u00e9ho roku do 3. 6. roku bezprost\u0159edn\u011b n\u00e1sleduj\u00edc\u00edho po tomto b\u011b\u017en\u00e9m &hellip; <a href=\"https:\/\/www.palenicehalik.cz\/index.php\/provozni-rad\/\" class=\"more-link\">Pokra\u010dovat ve \u010dten\u00ed<span class=\"screen-reader-text\"> &#8220;Provozn\u00ed \u0159\u00e1d&#8221;<\/span><\/a><\/p>\n","protected":false},"author":1,"featured_media":0,"parent":0,"menu_order":0,"comment_status":"closed","ping_status":"closed","template":"","meta":{"footnotes":""},"class_list":["post-83","page","type-page","status-publish","hentry"],"_links":{"self":[{"href":"https:\/\/www.palenicehalik.cz\/index.php\/wp-json\/wp\/v2\/pages\/83"}],"collection":[{"href":"https:\/\/www.palenicehalik.cz\/index.php\/wp-json\/wp\/v2\/pages"}],"about":[{"href":"https:\/\/www.palenicehalik.cz\/index.php\/wp-json\/wp\/v2\/types\/page"}],"author":[{"embeddable":true,"href":"https:\/\/www.palenicehalik.cz\/index.php\/wp-json\/wp\/v2\/users\/1"}],"replies":[{"embeddable":true,"href":"https:\/\/www.palenicehalik.cz\/index.php\/wp-json\/wp\/v2\/comments?post=83"}],"version-history":[{"count":1,"href":"https:\/\/www.palenicehalik.cz\/index.php\/wp-json\/wp\/v2\/pages\/83\/revisions"}],"predecessor-version":[{"id":240,"href":"https:\/\/www.palenicehalik.cz\/index.php\/wp-json\/wp\/v2\/pages\/83\/revisions\/240"}],"wp:attachment":[{"href":"https:\/\/www.palenicehalik.cz\/index.php\/wp-json\/wp\/v2\/media?parent=83"}],"curies":[{"name":"wp","href":"https:\/\/api.w.org\/{rel}","templated":true}]}}